{"id":8149,"date":"2020-05-11T18:11:53","date_gmt":"2020-05-11T16:11:53","guid":{"rendered":"https:\/\/museodigitale.borghieccellentilucani.it\/en\/?page_id=8149"},"modified":"2023-05-04T12:13:58","modified_gmt":"2023-05-04T10:13:58","slug":"governance","status":"publish","type":"page","link":"https:\/\/museodigitale.borghieccellentilucani.it\/en\/governance\/","title":{"rendered":"Governance"},"content":{"rendered":"\n<h2 style=\"color: #042454;font-size: 36px;line-height: 38px;font-weight: 600;padding: 0 0 20px 0;margin: 10px 0 0 0\">Governance<\/h2>\n\n\n\n<p><strong>Patto fondativo del Museo Digitale Diffuso<\/strong><\/p>\n\n\n\n<p>LEN SERVICE e il COMUNE DI SANT\u2019ANGELO LE FRATTE intendono realizzare il Museo Digitale Diffuso dei Borghi Eccellenti Lucani (Museo Digitale Diffuso BEL) e consentirne l\u2019adesione ai Comuni che si identificano nel progetto di promozione territoriale della Rete di Cooperazione turistica BEL &#8211; Borghi Eccellenti Lucani, nonch\u00e9 di consentirne l\u2019adesione successiva o il supporto da parte di enti pubblici non appartenenti alla Rete BEL, enti privati e\/o persone fisiche compresi Pro Loco, associazioni culturali, fondazioni, musei e altri rappresentanti territoriali.<\/p>\n\n\n\n<p>Il Museo Digitale Diffuso BEL ha l\u2019obiettivo di promuovere il territorio lucano sia verso l\u2019esterno (ad esempio turisti ed escursionisti), sia verso l\u2019interno (ad esempio cittadini e scuole) raccogliendo informazioni (testi, gallerie di fotografie e\/o video, podcast, foto e video 360\u00b0, realt\u00e0 immersiva e aumentata, realt\u00e0 virtuale, marketing di prossimit\u00e0) e renderle fruibili e disponibili agli utilizzatori via web (pc, smartphone, tablet).<\/p>\n\n\n\n<p>Persone fisiche, enti privati o enti pubblici diversi potranno effettuare erogazioni liberali al Museo Digitale Diffuso BEL. <\/p>\n\n\n\n<p>Persone fisiche, enti privati o enti pubblici potranno altres\u00ec supportare il Museo Digitale Diffuso BEL inviando al COMUNE CAPOFILA dei Contenuti di cui hanno la disponibilit\u00e0 e che lo stesso provveder\u00e0 a caricare, sempre previo parere favorevole del Coordinatore Scientifico o del Comitato Scientifico laddove attivato.<\/p>\n\n\n\n<p>In entrambi i casi i sostenitori avranno diritto ad inserire il loro marchio sul Museo Digitale Diffuso.<\/p>\n","protected":false},"excerpt":{"rendered":"<p>Governance Patto fondativo del Museo Digitale Diffuso LEN SERVICE e il COMUNE DI SANT\u2019ANGELO LE FRATTE intendono realizzare il Museo<\/p>\n","protected":false},"author":2,"featured_media":0,"parent":0,"menu_order":0,"comment_status":"closed","ping_status":"closed","template":"","meta":[],"_links":{"self":[{"href":"https:\/\/museodigitale.borghieccellentilucani.it\/en\/wp-json\/wp\/v2\/pages\/8149"}],"collection":[{"href":"https:\/\/museodigitale.borghieccellentilucani.it\/en\/wp-json\/wp\/v2\/pages"}],"about":[{"href":"https:\/\/museodigitale.borghieccellentilucani.it\/en\/wp-json\/wp\/v2\/types\/page"}],"author":[{"embeddable":true,"href":"https:\/\/museodigitale.borghieccellentilucani.it\/en\/wp-json\/wp\/v2\/users\/2"}],"replies":[{"embeddable":true,"href":"https:\/\/museodigitale.borghieccellentilucani.it\/en\/wp-json\/wp\/v2\/comments?post=8149"}],"version-history":[{"count":36,"href":"https:\/\/museodigitale.borghieccellentilucani.it\/en\/wp-json\/wp\/v2\/pages\/8149\/revisions"}],"predecessor-version":[{"id":9620,"href":"https:\/\/museodigitale.borghieccellentilucani.it\/en\/wp-json\/wp\/v2\/pages\/8149\/revisions\/9620"}],"wp:attachment":[{"href":"https:\/\/museodigitale.borghieccellentilucani.it\/en\/wp-json\/wp\/v2\/media?parent=8149"}],"curies":[{"name":"wp","href":"https:\/\/api.w.org\/{rel}","templated":true}]}}